{"id":220,"date":"2020-06-07T05:37:32","date_gmt":"2020-06-07T05:37:32","guid":{"rendered":"http:\/\/bavarian-delights.com\/?page_id=220"},"modified":"2021-01-09T13:00:11","modified_gmt":"2021-01-09T13:00:11","slug":"impressum","status":"publish","type":"page","link":"https:\/\/www.wunderlandfotografie.com\/en\/impressum","title":{"rendered":"Impressum"},"content":{"rendered":"\t\t<div data-elementor-type=\"wp-page\" data-elementor-id=\"220\" class=\"elementor elementor-220\">\n\t\t\t\t\t\t<section class=\"has_eae_slider elementor-section elementor-top-section elementor-element elementor-element-bf0fbad elementor-section-boxed elementor-section-height-default elementor-section-height-default\" data-id=\"bf0fbad\" data-element_type=\"section\">\n\t\t\t\t\t\t<div class=\"elementor-container elementor-column-gap-default\">\n\t\t\t\t\t<div class=\"has_eae_slider elementor-column elementor-col-100 elementor-top-column elementor-element elementor-element-73bc283\" data-id=\"73bc283\" data-element_type=\"column\">\n\t\t\t<div class=\"elementor-widget-wrap elementor-element-populated\">\n\t\t\t\t\t\t<div class=\"elementor-element elementor-element-d4a4fa8 elementor-widget elementor-widget-text-editor\" data-id=\"d4a4fa8\" data-element_type=\"widget\" data-widget_type=\"text-editor.default\">\n\t\t\t\t<div class=\"elementor-widget-container\">\n\t\t\t\t\t\t\t<p style=\"text-align: center;\"><span style=\"font-size: 10pt; font-family: 'times new roman', times, serif;\"><span style=\"color: #333333;\">Wunderland Fotografie Baden-Baden |<\/span><span style=\"color: #333333;\">\u00a0Alice J. Sch\u00fctze<br \/><\/span><\/span><span style=\"color: #333333; font-size: 10pt; font-family: 'times new roman', times, serif;\">Portrait-, Paar- und Hochzeitsfotografie<\/span><\/p><p>\u00a0<\/p><p style=\"text-align: center;\"><span style=\"font-size: 10pt; font-family: arial, helvetica, sans-serif;\"><strong><span style=\"color: #333333;\">Angaben gem\u00e4\u00df \u00a75 TMG:<\/span><\/strong><\/span><\/p><p style=\"text-align: center;\"><span style=\"font-size: 10pt; font-family: 'times new roman', times, serif;\"><span style=\"color: #333333;\">Alice J. Sch\u00fctze<br \/><\/span><span style=\"color: #333333;\">Pariser Ring 3a<br \/><\/span><span style=\"color: #333333;\">76532 Baden-Baden<br \/><\/span><span style=\"color: #333333;\">Deutschland<\/span><\/span><\/p><p>\u00a0<\/p><p style=\"text-align: center;\"><span style=\"font-size: 10pt; font-family: arial, helvetica, sans-serif;\"><strong><span style=\"color: #333333;\">Kontakt:<\/span><\/strong><\/span><\/p><p style=\"text-align: center;\"><span style=\"font-size: 10pt; font-family: 'times new roman', times, serif;\"><span style=\"color: #333333;\">+49 (0) 176 92659212\u00a0<br \/><\/span><span style=\"color: #333333;\">kontakt@wunderlandfotografie.com<br \/><\/span><span style=\"color: #333333;\">www.wunderlandfotografie.com<\/span><\/span><\/p><p><span style=\"font-size: 10pt;\"><strong><span style=\"color: #333333;\">\u00a0<\/span><\/strong><\/span><\/p><p><span style=\"font-size: 10pt;\"><strong><span style=\"color: #333333;\">\u00a0<\/span><\/strong><\/span><\/p><blockquote><p><span style=\"font-family: arial, helvetica, sans-serif;\"><strong><span style=\"font-size: 12pt;\"><span style=\"color: #333333;\">Haftung f\u00fcr Inhalte<\/span><\/span><\/strong><\/span><\/p><\/blockquote><p><span style=\"color: #333333; font-size: 10pt; font-family: 'times new roman', times, serif;\">Die Inhalte meiner Seiten wurden mit gr\u00f6\u00dfter Sorgfalt erstellt. F\u00fcr die Richtigkeit, Vollst\u00e4ndigkeit und Aktualit\u00e4t der Inhalte kann ich jedoch keine Gew\u00e4hr \u00fcbernehmen. Als Dienstanbieter bin ich gem\u00e4\u00df \u00a7 7 Abs.1 TMG f\u00fcr eigene Inhalte auf diesen Seiten nach den allgemeinen Gesetzen verantwortlich. Nach \u00a7\u00a7 8 bis 10 TMG bin ich als Diensteanbieter jedoch nicht verpflichtet, \u00fcbermittelte oder gespeicherte fremde Informationen zu \u00fcberwachen oder nach Umst\u00e4nden zu forschen, die auf eine rechtswidrige T\u00e4tigkeit hinweisen. Verpflichtungen zur Entfernung oder Sperrung der Nutzung von Informationen nach den allgemeinen Gesetzen bleiben hiervon unber\u00fchrt. Eine diesbez\u00fcgliche Haftung ist jedoch erst ab dem Zeitpunkt der Kenntnis einer konkreten Rechtsverletzung m\u00f6glich. Bei Bekanntwerden von entsprechenden Rechtsverletzungen werde ich diese Inhalte umgehend entfernen.<\/span><\/p><blockquote><p><span style=\"font-size: 12pt; font-family: arial, helvetica, sans-serif;\"><strong><span style=\"color: #333333;\">\u00a0<\/span><\/strong><\/span><\/p><p><span style=\"font-size: 12pt; font-family: arial, helvetica, sans-serif;\"><strong><span style=\"color: #333333;\">Haftung f\u00fcr Links<\/span><\/strong><\/span><\/p><\/blockquote><p><span style=\"color: #333333; font-size: 10pt; font-family: 'times new roman', times, serif;\">Mein Angebot enth\u00e4lt Links zu externen Webseiten Dritter, auf deren Inhalte ich keinen Einfluss habe. Deshalb kann ich f\u00fcr diese fremden Inhalte auch keine Gew\u00e4hr \u00fcbernehmen. F\u00fcr die Inhalte der verlinkten Seiten ist stets der jeweilige Anbieter oder Betreiber der Seiten verantwortlich. Die verlinkten Seiten wurden zum Zeitpunkt der Verlinkung auf m\u00f6gliche Rechtsverst\u00f6\u00dfe \u00fcberpr\u00fcft. Rechtswidrige Inhalte waren zum Zeitpunkt der Verlinkung nicht erkennbar. Eine permanente inhaltliche Kontrolle der verlinkten Seiten ist jedoch ohne konkrete Anhaltspunkte einer Rechtsverletzung nicht zumutbar. Bei Bekanntwerden von Rechtsverletzungen werde ich derartige Links umgehend entfernen.<\/span><\/p><blockquote><p><span style=\"font-size: 12pt; font-family: arial, helvetica, sans-serif;\"><strong><span style=\"color: #333333;\">\u00a0<\/span><\/strong><\/span><\/p><p><span style=\"font-size: 12pt; font-family: arial, helvetica, sans-serif;\"><strong><span style=\"color: #333333;\">Urheberrecht<\/span><\/strong><\/span><\/p><\/blockquote><p><span style=\"color: #333333; font-size: 10pt; font-family: 'times new roman', times, serif;\">Die durch mich erstellten Inhalte und Werke auf diesen Seiten unterliegen dem deutschen Urheberrecht. Die Vervielf\u00e4ltigung, Bearbeitung, Verbreitung und jede Art der Verwertung au\u00dferhalb der Grenzen des Urheberrechtes bed\u00fcrfen der schriftlichen Zustimmung des jeweiligen Autors bzw. Erstellers. Downloads und Kopien dieser Seite sind nur f\u00fcr den privaten, nicht kommerziellen Gebrauch gestattet. Soweit die Inhalte auf dieser Seite nicht vom Betreiber erstellt wurden, werden die Urheberrechte Dritter beachtet. Insbesondere werden Inhalte Dritter als solche gekennzeichnet. Sollten Sie trotzdem auf eine Urheberrechtsverletzung aufmerksam werden, bitte ich um einen entsprechenden Hinweis. Bei Bekanntwerden von Rechtsverletzungen werde ich derartige Inhalte umgehend entfernen.<\/span><\/p><blockquote><p><span style=\"font-size: 12pt;\"><strong><span style=\"color: #333333;\">\u00a0<\/span><\/strong><\/span><\/p><p><span style=\"font-size: 12pt; font-family: arial, helvetica, sans-serif;\"><strong><span style=\"color: #333333;\">Datenschutz<\/span><\/strong><\/span><\/p><\/blockquote><p><span style=\"color: #333333; font-size: 10pt; font-family: 'times new roman', times, serif;\">Die Nutzung meiner Webseite ist in der Regel ohne Angabe personenbezogener Daten m\u00f6glich. Soweit auf den Seiten personenbezogene Daten (beispielsweise Name, Anschrift oder Mail-Adressen) erhoben werden, erfolgt dies, soweit m\u00f6glich, stets auf freiwilliger Basis. Diese Daten werden ohne deine ausdr\u00fcckliche Zustimmung nicht an Dritte weitergegeben.Ich weisen darauf hin, dass die Daten\u00fcbertragung im Internet (z.B. bei der Kommunikation per E-Mail) Sicherheitsl\u00fccken aufweisen kann. Ein l\u00fcckenloser Schutz der Daten vor dem Zugriff durch Dritte ist nicht m\u00f6glich.Der Nutzung von im Rahmen der Impressumspflicht ver\u00f6ffentlichten Kontaktdaten durch Dritte zur \u00dcbersendung von nicht ausdr\u00fccklich angeforderter Werbung und Informationsmaterialien wird hiermit ausdr\u00fccklich widersprochen.<\/span><\/p><p><span style=\"color: #333333; font-size: 10pt; font-family: 'times new roman', times, serif;\">Ich behalte mir ausdr\u00fccklich rechtliche Schritte im Falle der unverlangten Zusendung von Werbeinformationen vor. Weitere Angaben siehe Datenschutzerkl\u00e4rung.<\/span><\/p><p>\u00a0<\/p><blockquote><p><span style=\"font-size: 12pt; font-family: arial, helvetica, sans-serif;\"><strong><span style=\"color: #333333;\">\u00a0<\/span><\/strong><\/span><\/p><p><span style=\"font-size: 12pt; font-family: arial, helvetica, sans-serif;\"><strong><span style=\"color: #333333;\">Rechtliches<\/span><\/strong><\/span><\/p><\/blockquote><p><span style=\"color: #333333; font-size: 10pt; font-family: 'times new roman', times, serif;\">Alle auf diesem Internetangebot gezeigten Bilder unterliegen dem Urheberrecht. Die Vervielf\u00e4ltigung oder Verwendung der Bilder in anderen elektronischen oder gedruckten Publikationen und deren Ver\u00f6ffentlichung (auch im Internet) ist nur mit ausdr\u00fccklicher, schriftlicher Genehmigung durch den Urheber erlaubt. Weiterhin k\u00f6nnen Bilder, Grafiken, Text- oder sonstige Dateien ganz oder teilweise dem Urheberrecht Dritter unterliegen. Logos und Eigennamen auf Bildern sind urheberrechtlich gesch\u00fctzt und dienen lediglich im Sinne von Arbeitsbeispielen in diesem Portfolio.<\/span><\/p>\t\t\t\t\t\t<\/div>\n\t\t\t\t<\/div>\n\t\t\t\t\t<\/div>\n\t\t<\/div>\n\t\t\t\t\t<\/div>\n\t\t<\/section>\n\t\t\t\t<section class=\"has_eae_slider elementor-section elementor-top-section elementor-element elementor-element-2befc00 elementor-section-boxed elementor-section-height-default elementor-section-height-default\" data-id=\"2befc00\" data-element_type=\"section\">\n\t\t\t\t\t\t<div class=\"elementor-container elementor-column-gap-default\">\n\t\t\t\t\t<div class=\"has_eae_slider elementor-column elementor-col-100 elementor-top-column elementor-element elementor-element-956a4e3\" data-id=\"956a4e3\" data-element_type=\"column\">\n\t\t\t<div class=\"elementor-widget-wrap elementor-element-populated\">\n\t\t\t\t\t\t<div class=\"elementor-element elementor-element-2b1e7d2 elementor-widget elementor-widget-spacer\" data-id=\"2b1e7d2\" data-element_type=\"widget\" data-widget_type=\"spacer.default\">\n\t\t\t\t<div class=\"elementor-widget-container\">\n\t\t\t\t\t<div class=\"elementor-spacer\">\n\t\t\t<div class=\"elementor-spacer-inner\"><\/div>\n\t\t<\/div>\n\t\t\t\t<\/div>\n\t\t\t\t<\/div>\n\t\t\t\t\t<\/div>\n\t\t<\/div>\n\t\t\t\t\t<\/div>\n\t\t<\/section>\n\t\t\t\t<\/div>\n\t\t","protected":false},"excerpt":{"rendered":"<p>Wunderland Fotografie Baden-Baden |&nbsp;Alice J. Sch\u00fctze Portrait-, Paar- und Hochzeitsfotografie Angaben gem\u00e4\u00df \u00a75 TMG: Alice J. Sch\u00fctze Pariser Ring 3a 76532 Baden-Baden Deutschland Kontakt: +49 (0) 176 92659212&nbsp; kontakt@wunderlandfotografie.com www.wunderlandfotografie.com &nbsp; &nbsp; Haftung f\u00fcr Inhalte Die Inhalte meiner Seiten wurden mit gr\u00f6\u00dfter Sorgfalt erstellt. F\u00fcr die Richtigkeit, Vollst\u00e4ndigkeit und Aktualit\u00e4t der Inhalte kann ich jedoch keine Gew\u00e4hr \u00fcbernehmen. Als Dienstanbieter bin ich gem\u00e4\u00df \u00a7 7 Abs.1 TMG f\u00fcr eigene Inhalte auf diesen Seiten nach den allgemeinen Gesetzen verantwortlich. Nach \u00a7\u00a7 8 bis 10 TMG bin ich als Diensteanbieter jedoch nicht verpflichtet, \u00fcbermittelte oder gespeicherte fremde Informationen zu \u00fcberwachen oder nach Umst\u00e4nden zu forschen, die auf eine rechtswidrige T\u00e4tigkeit hinweisen. Verpflichtungen zur Entfernung oder Sperrung der Nutzung von Informationen nach den allgemeinen Gesetzen bleiben hiervon unber\u00fchrt. Eine diesbez\u00fcgliche Haftung ist jedoch erst ab dem Zeitpunkt der Kenntnis einer konkreten Rechtsverletzung m\u00f6glich. Bei Bekanntwerden von entsprechenden Rechtsverletzungen werde ich diese Inhalte umgehend entfernen. &nbsp; Haftung f\u00fcr Links Mein Angebot enth\u00e4lt Links zu externen Webseiten Dritter, auf deren Inhalte ich keinen Einfluss habe. Deshalb kann ich f\u00fcr diese fremden Inhalte auch keine Gew\u00e4hr \u00fcbernehmen. F\u00fcr die Inhalte der verlinkten Seiten ist stets der jeweilige Anbieter oder Betreiber der Seiten verantwortlich. Die verlinkten Seiten wurden zum Zeitpunkt der Verlinkung auf m\u00f6gliche Rechtsverst\u00f6\u00dfe \u00fcberpr\u00fcft. Rechtswidrige Inhalte waren zum Zeitpunkt der Verlinkung nicht erkennbar. Eine permanente inhaltliche Kontrolle der verlinkten Seiten ist jedoch ohne konkrete Anhaltspunkte einer Rechtsverletzung nicht zumutbar. Bei Bekanntwerden von Rechtsverletzungen werde ich derartige Links umgehend entfernen. &nbsp; Urheberrecht Die durch mich erstellten Inhalte und Werke auf diesen Seiten unterliegen dem deutschen Urheberrecht. Die Vervielf\u00e4ltigung, Bearbeitung, Verbreitung und jede Art der Verwertung au\u00dferhalb der Grenzen des Urheberrechtes bed\u00fcrfen der schriftlichen Zustimmung des jeweiligen Autors bzw. Erstellers. Downloads und Kopien dieser Seite sind nur f\u00fcr den privaten, nicht kommerziellen Gebrauch gestattet. Soweit die Inhalte auf dieser Seite nicht vom Betreiber erstellt wurden, werden die Urheberrechte Dritter beachtet. Insbesondere werden Inhalte Dritter als solche gekennzeichnet. Sollten Sie trotzdem auf eine Urheberrechtsverletzung aufmerksam werden, bitte ich um einen entsprechenden Hinweis. Bei Bekanntwerden von Rechtsverletzungen werde ich derartige Inhalte umgehend entfernen. &nbsp; Datenschutz Die Nutzung meiner Webseite ist in der Regel ohne Angabe personenbezogener Daten m\u00f6glich. Soweit auf den Seiten personenbezogene Daten (beispielsweise Name, Anschrift oder Mail-Adressen) erhoben werden, erfolgt dies, soweit m\u00f6glich, stets auf freiwilliger Basis. Diese Daten werden ohne deine ausdr\u00fcckliche Zustimmung nicht an Dritte weitergegeben.Ich weisen darauf hin, dass die Daten\u00fcbertragung im Internet (z.B. bei der Kommunikation per E-Mail) Sicherheitsl\u00fccken aufweisen kann. Ein l\u00fcckenloser Schutz der Daten vor dem Zugriff durch Dritte ist nicht m\u00f6glich.Der Nutzung von im Rahmen der Impressumspflicht ver\u00f6ffentlichten Kontaktdaten durch Dritte zur \u00dcbersendung von nicht ausdr\u00fccklich angeforderter Werbung und Informationsmaterialien wird hiermit ausdr\u00fccklich widersprochen. Ich behalte mir ausdr\u00fccklich rechtliche Schritte im Falle der unverlangten Zusendung von Werbeinformationen vor. Weitere Angaben siehe Datenschutzerkl\u00e4rung. &nbsp; Rechtliches Alle auf diesem Internetangebot gezeigten Bilder unterliegen dem Urheberrecht. Die Vervielf\u00e4ltigung oder Verwendung der Bilder in anderen elektronischen oder gedruckten Publikationen und deren Ver\u00f6ffentlichung (auch im Internet) ist nur mit ausdr\u00fccklicher, schriftlicher Genehmigung durch den Urheber erlaubt. Weiterhin k\u00f6nnen Bilder, Grafiken, Text- oder sonstige Dateien ganz oder teilweise dem Urheberrecht Dritter unterliegen. Logos und Eigennamen auf Bildern sind urheberrechtlich gesch\u00fctzt und dienen lediglich im Sinne von Arbeitsbeispielen in diesem Portfolio.<\/p>\n","protected":false},"author":1,"featured_media":0,"parent":0,"menu_order":0,"comment_status":"closed","ping_status":"closed","template":"elementor_header_footer","meta":{"inline_featured_image":false,"footnotes":"","_vp_format_video_url":"","_vp_image_focal_point":[]},"yoast_head":"<!-- This site is optimized with the Yoast SEO plugin v22.2 - https:\/\/yoast.com\/wordpress\/plugins\/seo\/ -->\n<title>Impressum<\/title>\n<meta name=\"description\" content=\"Wunderland Fotografie Baden-Baden |&nbsp;Alice J. Sch\u00fctze Portrait-, Paar- und Hochzeitsfotografie Angaben gem\u00e4\u00df \u00a75 TMG: Alice J. Sch\u00fctze Pariser Ring 3a 76532 Baden-Baden Deutschland Kontakt: +49 (0) 176 92659212&nbsp; kontakt@wunderlandfotografie.com www.wunderlandfotografie.com &nbsp; &nbsp; Haftung f\u00fcr Inhalte Die Inhalte meiner Seiten wurden mit gr\u00f6\u00dfter Sorgfalt erstellt. F\u00fcr die Richtigkeit, Vollst\u00e4ndigkeit und Aktualit\u00e4t der Inhalte kann ich jedoch&hellip;\" \/>\n<meta name=\"robots\" content=\"noindex, nofollow\" \/>\n<meta property=\"og:locale\" content=\"en_US\" \/>\n<meta property=\"og:type\" content=\"article\" \/>\n<meta property=\"og:title\" content=\"Impressum\" \/>\n<meta property=\"og:description\" content=\"Wunderland Fotografie Baden-Baden |&nbsp;Alice J. Sch\u00fctze Portrait-, Paar- und Hochzeitsfotografie Angaben gem\u00e4\u00df \u00a75 TMG: Alice J. Sch\u00fctze Pariser Ring 3a 76532 Baden-Baden Deutschland Kontakt: +49 (0) 176 92659212&nbsp; kontakt@wunderlandfotografie.com www.wunderlandfotografie.com &nbsp; &nbsp; Haftung f\u00fcr Inhalte Die Inhalte meiner Seiten wurden mit gr\u00f6\u00dfter Sorgfalt erstellt. F\u00fcr die Richtigkeit, Vollst\u00e4ndigkeit und Aktualit\u00e4t der Inhalte kann ich jedoch&hellip;\" \/>\n<meta property=\"og:url\" content=\"https:\/\/www.wunderlandfotografie.com\/en\/impressum\" \/>\n<meta property=\"og:site_name\" content=\"Wunderlandfotografie Baden-Baden | Hochzeitsfotografie\" \/>\n<meta property=\"article:modified_time\" content=\"2021-01-09T13:00:11+00:00\" \/>\n<meta name=\"twitter:card\" content=\"summary_large_image\" \/>\n<meta name=\"twitter:label1\" content=\"Est. reading time\" \/>\n\t<meta name=\"twitter:data1\" content=\"3 minutes\" \/>\n<script type=\"application\/ld+json\" class=\"yoast-schema-graph\">{\"@context\":\"https:\/\/schema.org\",\"@graph\":[{\"@type\":\"WebPage\",\"@id\":\"https:\/\/www.wunderlandfotografie.com\/en\/impressum\",\"url\":\"https:\/\/www.wunderlandfotografie.com\/en\/impressum\",\"name\":\"Impressum - Wunderlandfotografie Baden-Baden | Hochzeitsfotografie\",\"isPartOf\":{\"@id\":\"https:\/\/www.wunderlandfotografie.com\/#website\"},\"datePublished\":\"2020-06-07T05:37:32+00:00\",\"dateModified\":\"2021-01-09T13:00:11+00:00\",\"description\":\"Fotografie Baden-Baden: Wedding &amp; After-wedding | Couple | Family &amp; Pregnant | Portrait-Fotografie\",\"breadcrumb\":{\"@id\":\"https:\/\/www.wunderlandfotografie.com\/en\/impressum#breadcrumb\"},\"inLanguage\":\"en-US\",\"potentialAction\":[{\"@type\":\"ReadAction\",\"target\":[\"https:\/\/www.wunderlandfotografie.com\/en\/impressum\"]}]},{\"@type\":\"BreadcrumbList\",\"@id\":\"https:\/\/www.wunderlandfotografie.com\/en\/impressum#breadcrumb\",\"itemListElement\":[{\"@type\":\"ListItem\",\"position\":1,\"name\":\"Home\",\"item\":\"https:\/\/www.wunderlandfotografie.com\/\"},{\"@type\":\"ListItem\",\"position\":2,\"name\":\"Impressum\"}]},{\"@type\":\"WebSite\",\"@id\":\"https:\/\/www.wunderlandfotografie.com\/en\/#website\",\"url\":\"https:\/\/www.wunderlandfotografie.com\/en\/\",\"name\":\"Wunderlandfotografie Baden-Baden | Hochzeitsfotografie\",\"description\":\"\",\"publisher\":{\"@id\":\"https:\/\/www.wunderlandfotografie.com\/en\/#organization\"},\"potentialAction\":[{\"@type\":\"SearchAction\",\"target\":{\"@type\":\"EntryPoint\",\"urlTemplate\":\"https:\/\/www.wunderlandfotografie.com\/en\/?s={search_term_string}\"},\"query-input\":\"required name=search_term_string\"}],\"inLanguage\":\"en-US\"},{\"@type\":\"Organization\",\"@id\":\"https:\/\/www.wunderlandfotografie.com\/en\/#organization\",\"name\":\"Wunderlandfotografie Baden-Baden\",\"url\":\"https:\/\/www.wunderlandfotografie.com\/en\/\",\"logo\":{\"@type\":\"ImageObject\",\"inLanguage\":\"en-US\",\"@id\":\"https:\/\/www.wunderlandfotografie.com\/en\/#\/schema\/logo\/image\/\",\"url\":\"https:\/\/www.wunderlandfotografie.com\/wp-content\/uploads\/2020\/11\/WL_Logo.svg\",\"contentUrl\":\"https:\/\/www.wunderlandfotografie.com\/wp-content\/uploads\/2020\/11\/WL_Logo.svg\",\"width\":287,\"height\":144,\"caption\":\"Wunderlandfotografie Baden-Baden\"},\"image\":{\"@id\":\"https:\/\/www.wunderlandfotografie.com\/en\/#\/schema\/logo\/image\/\"},\"sameAs\":[\"https:\/\/www.instagram.com\/wunderlandfotografie.by.alice\/\"]}]}<\/script>\n<!-- \/ Yoast SEO plugin. -->","yoast_head_json":{"title":"Impressum","description":"Wunderland Fotografie Baden-Baden |&nbsp;Alice J. Sch\u00fctze Portrait-, Paar- und Hochzeitsfotografie Angaben gem\u00e4\u00df \u00a75 TMG: Alice J. Sch\u00fctze Pariser Ring 3a 76532 Baden-Baden Deutschland Kontakt: +49 (0) 176 92659212&nbsp; kontakt@wunderlandfotografie.com www.wunderlandfotografie.com &nbsp; &nbsp; Haftung f\u00fcr Inhalte Die Inhalte meiner Seiten wurden mit gr\u00f6\u00dfter Sorgfalt erstellt. F\u00fcr die Richtigkeit, Vollst\u00e4ndigkeit und Aktualit\u00e4t der Inhalte kann ich jedoch&hellip;","robots":{"index":"noindex","follow":"nofollow"},"og_locale":"en_US","og_type":"article","og_title":"Impressum","og_description":"Wunderland Fotografie Baden-Baden |&nbsp;Alice J. Sch\u00fctze Portrait-, Paar- und Hochzeitsfotografie Angaben gem\u00e4\u00df \u00a75 TMG: Alice J. Sch\u00fctze Pariser Ring 3a 76532 Baden-Baden Deutschland Kontakt: +49 (0) 176 92659212&nbsp; kontakt@wunderlandfotografie.com www.wunderlandfotografie.com &nbsp; &nbsp; Haftung f\u00fcr Inhalte Die Inhalte meiner Seiten wurden mit gr\u00f6\u00dfter Sorgfalt erstellt. F\u00fcr die Richtigkeit, Vollst\u00e4ndigkeit und Aktualit\u00e4t der Inhalte kann ich jedoch&hellip;","og_url":"https:\/\/www.wunderlandfotografie.com\/en\/impressum","og_site_name":"Wunderlandfotografie Baden-Baden | Hochzeitsfotografie","article_modified_time":"2021-01-09T13:00:11+00:00","twitter_card":"summary_large_image","twitter_misc":{"Est. reading time":"3 minutes"},"schema":{"@context":"https:\/\/schema.org","@graph":[{"@type":"WebPage","@id":"https:\/\/www.wunderlandfotografie.com\/en\/impressum","url":"https:\/\/www.wunderlandfotografie.com\/en\/impressum","name":"Impressum - Wunderlandfotografie Baden-Baden | Hochzeitsfotografie","isPartOf":{"@id":"https:\/\/www.wunderlandfotografie.com\/#website"},"datePublished":"2020-06-07T05:37:32+00:00","dateModified":"2021-01-09T13:00:11+00:00","description":"Fotografie Baden-Baden: Wedding &amp; After-wedding | Couple | Family &amp; Pregnant | Portrait-Fotografie","breadcrumb":{"@id":"https:\/\/www.wunderlandfotografie.com\/en\/impressum#breadcrumb"},"inLanguage":"en-US","potentialAction":[{"@type":"ReadAction","target":["https:\/\/www.wunderlandfotografie.com\/en\/impressum"]}]},{"@type":"BreadcrumbList","@id":"https:\/\/www.wunderlandfotografie.com\/en\/impressum#breadcrumb","itemListElement":[{"@type":"ListItem","position":1,"name":"Home","item":"https:\/\/www.wunderlandfotografie.com\/"},{"@type":"ListItem","position":2,"name":"Impressum"}]},{"@type":"WebSite","@id":"https:\/\/www.wunderlandfotografie.com\/en\/#website","url":"https:\/\/www.wunderlandfotografie.com\/en\/","name":"Wunderlandfotografie Baden-Baden | Hochzeitsfotografie","description":"","publisher":{"@id":"https:\/\/www.wunderlandfotografie.com\/en\/#organization"},"potentialAction":[{"@type":"SearchAction","target":{"@type":"EntryPoint","urlTemplate":"https:\/\/www.wunderlandfotografie.com\/en\/?s={search_term_string}"},"query-input":"required name=search_term_string"}],"inLanguage":"en-US"},{"@type":"Organization","@id":"https:\/\/www.wunderlandfotografie.com\/en\/#organization","name":"Wunderlandfotografie Baden-Baden","url":"https:\/\/www.wunderlandfotografie.com\/en\/","logo":{"@type":"ImageObject","inLanguage":"en-US","@id":"https:\/\/www.wunderlandfotografie.com\/en\/#\/schema\/logo\/image\/","url":"https:\/\/www.wunderlandfotografie.com\/wp-content\/uploads\/2020\/11\/WL_Logo.svg","contentUrl":"https:\/\/www.wunderlandfotografie.com\/wp-content\/uploads\/2020\/11\/WL_Logo.svg","width":287,"height":144,"caption":"Wunderlandfotografie Baden-Baden"},"image":{"@id":"https:\/\/www.wunderlandfotografie.com\/en\/#\/schema\/logo\/image\/"},"sameAs":["https:\/\/www.instagram.com\/wunderlandfotografie.by.alice\/"]}]}},"blog_post_layout_featured_media_urls":{"thumbnail":"","full":""},"categories_names":null,"comments_number":"0","_links":{"self":[{"href":"https:\/\/www.wunderlandfotografie.com\/en\/wp-json\/wp\/v2\/pages\/220"}],"collection":[{"href":"https:\/\/www.wunderlandfotografie.com\/en\/wp-json\/wp\/v2\/pages"}],"about":[{"href":"https:\/\/www.wunderlandfotografie.com\/en\/wp-json\/wp\/v2\/types\/page"}],"author":[{"embeddable":true,"href":"https:\/\/www.wunderlandfotografie.com\/en\/wp-json\/wp\/v2\/users\/1"}],"replies":[{"embeddable":true,"href":"https:\/\/www.wunderlandfotografie.com\/en\/wp-json\/wp\/v2\/comments?post=220"}],"version-history":[{"count":22,"href":"https:\/\/www.wunderlandfotografie.com\/en\/wp-json\/wp\/v2\/pages\/220\/revisions"}],"predecessor-version":[{"id":3651,"href":"https:\/\/www.wunderlandfotografie.com\/en\/wp-json\/wp\/v2\/pages\/220\/revisions\/3651"}],"wp:attachment":[{"href":"https:\/\/www.wunderlandfotografie.com\/en\/wp-json\/wp\/v2\/media?parent=220"}],"curies":[{"name":"wp","href":"https:\/\/api.w.org\/{rel}","templated":true}]}}